{"id":141,"date":"2019-08-20T06:03:37","date_gmt":"2019-08-20T06:03:37","guid":{"rendered":"http:\/\/www.xorkun.com\/enmarkfin\/about\/"},"modified":"2019-08-20T06:03:37","modified_gmt":"2019-08-20T06:03:37","slug":"politicas-de-calidad","status":"publish","type":"page","link":"https:\/\/enmark.mx\/index.php\/politicas-de-calidad\/","title":{"rendered":"Politicas de calidad"},"content":{"rendered":"\t\t<div data-elementor-type=\"wp-post\" data-elementor-id=\"141\" class=\"elementor elementor-141\">\n\t\t\t\t\t\t\t\t\t<section class=\"elementor-section elementor-top-section elementor-element elementor-element-bf1df4f elementor-section-content-middle elementor-section-boxed elementor-section-height-default elementor-section-height-default\" data-id=\"bf1df4f\" data-element_type=\"section\" data-settings=\"{&quot;background_background&quot;:&quot;classic&quot;,&quot;shape_divider_bottom&quot;:&quot;triangle&quot;,&quot;shape_divider_bottom_negative&quot;:&quot;yes&quot;}\">\n\t\t\t\t\t\t\t<div class=\"elementor-background-overlay\"><\/div>\n\t\t\t\t\t\t<div class=\"elementor-shape elementor-shape-bottom\" data-negative=\"true\">\n\t\t\t<svg xmlns=\"http:\/\/www.w3.org\/2000\/svg\" viewBox=\"0 0 1000 100\" preserveAspectRatio=\"none\">\n\t<path class=\"elementor-shape-fill\" d=\"M500.2,94.7L0,0v100h1000V0L500.2,94.7z\"\/>\n<\/svg>\t\t<\/div>\n\t\t\t\t\t<div class=\"elementor-container elementor-column-gap-default\">\n\t\t\t\t\t<div class=\"elementor-column elementor-col-100 elementor-top-column elementor-element elementor-element-9548f69\" data-id=\"9548f69\" data-element_type=\"column\">\n\t\t\t<div class=\"elementor-widget-wrap elementor-element-populated\">\n\t\t\t\t\t\t\t\t<div class=\"elementor-element elementor-element-d30e93f elementor-widget elementor-widget-heading\" data-id=\"d30e93f\" data-element_type=\"widget\" data-settings=\"{&quot;_animation&quot;:&quot;none&quot;}\" data-widget_type=\"heading.default\">\n\t\t\t\t<div class=\"elementor-widget-container\">\n\t\t\t<style>\/*! elementor - v3.13.3 - 22-05-2023 *\/\n.elementor-heading-title{padding:0;margin:0;line-height:1}.elementor-widget-heading .elementor-heading-title[class*=elementor-size-]>a{color:inherit;font-size:inherit;line-height:inherit}.elementor-widget-heading .elementor-heading-title.elementor-size-small{font-size:15px}.elementor-widget-heading .elementor-heading-title.elementor-size-medium{font-size:19px}.elementor-widget-heading .elementor-heading-title.elementor-size-large{font-size:29px}.elementor-widget-heading .elementor-heading-title.elementor-size-xl{font-size:39px}.elementor-widget-heading .elementor-heading-title.elementor-size-xxl{font-size:59px}<\/style><h2 class=\"elementor-heading-title elementor-size-default\">Pol\u00edticas de calidad<\/h2>\t\t<\/div>\n\t\t\t\t<\/div>\n\t\t\t\t\t<\/div>\n\t\t<\/div>\n\t\t\t\t\t\t\t<\/div>\n\t\t<\/section>\n\t\t\t\t<section class=\"elementor-section elementor-top-section elementor-element elementor-element-e05fd7c elementor-section-boxed elementor-section-height-default elementor-section-height-default\" data-id=\"e05fd7c\" data-element_type=\"section\">\n\t\t\t\t\t\t<div class=\"elementor-container elementor-column-gap-default\">\n\t\t\t\t\t<div class=\"elementor-column elementor-col-100 elementor-top-column elementor-element elementor-element-02a54dc\" data-id=\"02a54dc\" data-element_type=\"column\">\n\t\t\t<div class=\"elementor-widget-wrap elementor-element-populated\">\n\t\t\t\t\t\t\t\t<section class=\"elementor-section elementor-inner-section elementor-element elementor-element-c8b8575 elementor-section-boxed elementor-section-height-default elementor-section-height-default\" data-id=\"c8b8575\" data-element_type=\"section\">\n\t\t\t\t\t\t<div class=\"elementor-container elementor-column-gap-default\">\n\t\t\t\t\t<div class=\"elementor-column elementor-col-50 elementor-inner-column elementor-element elementor-element-71b8323\" data-id=\"71b8323\" data-element_type=\"column\">\n\t\t\t<div class=\"elementor-widget-wrap elementor-element-populated\">\n\t\t\t\t\t\t\t\t<div class=\"elementor-element elementor-element-db44e5b elementor-widget elementor-widget-image\" data-id=\"db44e5b\" data-element_type=\"widget\" data-widget_type=\"image.default\">\n\t\t\t\t<div class=\"elementor-widget-container\">\n\t\t\t<style>\/*! elementor - v3.13.3 - 22-05-2023 *\/\n.elementor-widget-image{text-align:center}.elementor-widget-image a{display:inline-block}.elementor-widget-image a img[src$=\".svg\"]{width:48px}.elementor-widget-image img{vertical-align:middle;display:inline-block}<\/style>\t\t\t\t\t\t\t\t\t\t\t\t<img loading=\"lazy\" decoding=\"async\" width=\"500\" height=\"448\" src=\"https:\/\/enmark.mx\/wp-content\/uploads\/2020\/08\/408.png\" class=\"attachment-large size-large wp-image-1496\" alt=\"\" srcset=\"https:\/\/enmark.mx\/wp-content\/uploads\/2020\/08\/408.png 500w, https:\/\/enmark.mx\/wp-content\/uploads\/2020\/08\/408-300x269.png 300w\" sizes=\"auto, (max-width: 500px) 100vw, 500px\" \/>\t\t\t\t\t\t\t\t\t\t\t\t\t\t\t<\/div>\n\t\t\t\t<\/div>\n\t\t\t\t\t<\/div>\n\t\t<\/div>\n\t\t\t\t<div class=\"elementor-column elementor-col-50 elementor-inner-column elementor-element elementor-element-3f21456\" data-id=\"3f21456\" data-element_type=\"column\">\n\t\t\t<div class=\"elementor-widget-wrap elementor-element-populated\">\n\t\t\t\t\t\t\t\t<div class=\"elementor-element elementor-element-aeb0fb2 elementor-widget elementor-widget-text-editor\" data-id=\"aeb0fb2\" data-element_type=\"widget\" data-widget_type=\"text-editor.default\">\n\t\t\t\t<div class=\"elementor-widget-container\">\n\t\t\t<style>\/*! elementor - v3.13.3 - 22-05-2023 *\/\n.elementor-widget-text-editor.elementor-drop-cap-view-stacked .elementor-drop-cap{background-color:#69727d;color:#fff}.elementor-widget-text-editor.elementor-drop-cap-view-framed .elementor-drop-cap{color:#69727d;border:3px solid;background-color:transparent}.elementor-widget-text-editor:not(.elementor-drop-cap-view-default) .elementor-drop-cap{margin-top:8px}.elementor-widget-text-editor:not(.elementor-drop-cap-view-default) .elementor-drop-cap-letter{width:1em;height:1em}.elementor-widget-text-editor .elementor-drop-cap{float:left;text-align:center;line-height:1;font-size:50px}.elementor-widget-text-editor .elementor-drop-cap-letter{display:inline-block}<\/style>\t\t\t\t<p>El abastecimiento de agua para consumo humano con calidad adecuada es fundamental para prevenir y evitar la transmisi\u00f3n de enfermedades, por ello\u00a0<strong>Transportes ENMARK<\/strong>\u00a0se rige bajo las siguientes pol\u00edticas:<\/p><ul><li>El recurso humano es calificado y cuenta con las aptitudes y actitudes necesarias para desarrollar su trabajo con respeto, responsabilidad y compromiso.<\/li><li>El agua potable se compra ante los organismos correspondientes.<\/li><li>El agua transportada es cargada \u00fanica y exclusivamente en sistemas de abastecimiento (garzas) autorizados y que cumplen las normas establecidas por la secretaria de salud<\/li><li>Las cisternas donde es transportado el liquido llevan un constante control sanitario interno y es basado en las normas publicadas por la secretaria de salud as\u00ed como la desinfecci\u00f3n trimestral realizada por una empresa autorizada por la secretaria de salud<\/li><li>El transporte que utilizamos para la distribuci\u00f3n del agua es actualizado. por lo que nuestra flotilla se compone por modelos de 2000 a 2007.<\/li><li>Se cuenta con taller propio para dar mantenimiento preventivo y correctivo a las cisternas y los veh\u00edculos<\/li><li>Veh\u00edculos en resguardo como apoyo a contratos en caso de descompostura o falla imprevistas.<\/li><li>Oficinas propias con el activo necesario para el desarrollo y seguimiento de la documentaci\u00f3n<\/li><li>Todos y cada uno de los trabajos desarrollados es soportado con papeler\u00eda interna que incluye:<ol><li>El comprobante de la compra capacidad y lugar de carga (vale)<\/li><li>Recibo de entrega de cada uno de los servicios<\/li><li>Relaci\u00f3n o bit\u00e1coras en caso de ser necesario de los servicios realizados por d\u00eda<\/li><li>Las firmas a los documentos mencionados con anterioridad<\/li><li>Factura debidamente soportada y requisitada<\/li><\/ol><\/li><li>Cumplimiento en tiempo y forma de los contratos adquiridos y de los servicios solicitados.<\/li><li>Se cuenta con la documentaci\u00f3n legal ante los organismos reguladores.<\/li><li>Se cuenta con la documentaci\u00f3n administrativa correspondiente<\/li><\/ul><p>\u00a0<\/p><p>\u00a0<\/p><p>\u00a0<\/p>\t\t\t\t\t\t<\/div>\n\t\t\t\t<\/div>\n\t\t\t\t\t<\/div>\n\t\t<\/div>\n\t\t\t\t\t\t\t<\/div>\n\t\t<\/section>\n\t\t\t\t\t<\/div>\n\t\t<\/div>\n\t\t\t\t\t\t\t<\/div>\n\t\t<\/section>\n\t\t\t\t<section class=\"elementor-section elementor-top-section elementor-element elementor-element-eaf01cd elementor-section-boxed elementor-section-height-default elementor-section-height-default\" data-id=\"eaf01cd\" data-element_type=\"section\" data-settings=\"{&quot;background_background&quot;:&quot;classic&quot;}\">\n\t\t\t\t\t\t<div class=\"elementor-container elementor-column-gap-default\">\n\t\t\t\t\t<div class=\"elementor-column elementor-col-33 elementor-top-column elementor-element elementor-element-f96c7ea\" data-id=\"f96c7ea\" data-element_type=\"column\" data-settings=\"{&quot;background_background&quot;:&quot;classic&quot;}\">\n\t\t\t<div class=\"elementor-widget-wrap elementor-element-populated\">\n\t\t\t\t\t<div class=\"elementor-background-overlay\"><\/div>\n\t\t\t\t\t\t\t\t<div class=\"elementor-element elementor-element-fa1695c elementor-position-left elementor-vertical-align-middle elementor-widget elementor-widget-image-box\" data-id=\"fa1695c\" data-element_type=\"widget\" data-widget_type=\"image-box.default\">\n\t\t\t\t<div class=\"elementor-widget-container\">\n\t\t\t<style>\/*! elementor - v3.13.3 - 22-05-2023 *\/\n.elementor-widget-image-box .elementor-image-box-content{width:100%}@media (min-width:768px){.elementor-widget-image-box.elementor-position-left .elementor-image-box-wrapper,.elementor-widget-image-box.elementor-position-right .elementor-image-box-wrapper{display:flex}.elementor-widget-image-box.elementor-position-right .elementor-image-box-wrapper{text-align:right;flex-direction:row-reverse}.elementor-widget-image-box.elementor-position-left .elementor-image-box-wrapper{text-align:left;flex-direction:row}.elementor-widget-image-box.elementor-position-top .elementor-image-box-img{margin:auto}.elementor-widget-image-box.elementor-vertical-align-top .elementor-image-box-wrapper{align-items:flex-start}.elementor-widget-image-box.elementor-vertical-align-middle .elementor-image-box-wrapper{align-items:center}.elementor-widget-image-box.elementor-vertical-align-bottom .elementor-image-box-wrapper{align-items:flex-end}}@media (max-width:767px){.elementor-widget-image-box .elementor-image-box-img{margin-left:auto!important;margin-right:auto!important;margin-bottom:15px}}.elementor-widget-image-box .elementor-image-box-img{display:inline-block}.elementor-widget-image-box .elementor-image-box-title a{color:inherit}.elementor-widget-image-box .elementor-image-box-wrapper{text-align:center}.elementor-widget-image-box .elementor-image-box-description{margin:0}<\/style><div class=\"elementor-image-box-wrapper\"><figure class=\"elementor-image-box-img\"><img loading=\"lazy\" decoding=\"async\" width=\"220\" height=\"220\" src=\"https:\/\/enmark.mx\/wp-content\/uploads\/2020\/08\/1111.png\" class=\"attachment-full size-full wp-image-1538\" alt=\"\" srcset=\"https:\/\/enmark.mx\/wp-content\/uploads\/2020\/08\/1111.png 220w, https:\/\/enmark.mx\/wp-content\/uploads\/2020\/08\/1111-150x150.png 150w\" sizes=\"auto, (max-width: 220px) 100vw, 220px\" \/><\/figure><div class=\"elementor-image-box-content\"><h2 class=\"elementor-image-box-title\">AHORRO <\/h2><p class=\"elementor-image-box-description\">en tiempo y dinero ya que tramitamos la adquisici\u00f3n de vales ante el S.A.C.M.<\/p><\/div><\/div>\t\t<\/div>\n\t\t\t\t<\/div>\n\t\t\t\t\t<\/div>\n\t\t<\/div>\n\t\t\t\t<div class=\"elementor-column elementor-col-33 elementor-top-column elementor-element elementor-element-8cf91c9\" data-id=\"8cf91c9\" data-element_type=\"column\" data-settings=\"{&quot;background_background&quot;:&quot;classic&quot;}\">\n\t\t\t<div class=\"elementor-widget-wrap elementor-element-populated\">\n\t\t\t\t\t<div class=\"elementor-background-overlay\"><\/div>\n\t\t\t\t\t\t\t\t<div class=\"elementor-element elementor-element-be5b6db elementor-position-left elementor-vertical-align-middle elementor-widget elementor-widget-image-box\" data-id=\"be5b6db\" data-element_type=\"widget\" data-widget_type=\"image-box.default\">\n\t\t\t\t<div class=\"elementor-widget-container\">\n\t\t\t<div class=\"elementor-image-box-wrapper\"><figure class=\"elementor-image-box-img\"><img loading=\"lazy\" decoding=\"async\" width=\"220\" height=\"220\" src=\"https:\/\/enmark.mx\/wp-content\/uploads\/2020\/08\/2222.png\" class=\"attachment-full size-full wp-image-1539\" alt=\"\" srcset=\"https:\/\/enmark.mx\/wp-content\/uploads\/2020\/08\/2222.png 220w, https:\/\/enmark.mx\/wp-content\/uploads\/2020\/08\/2222-150x150.png 150w\" sizes=\"auto, (max-width: 220px) 100vw, 220px\" \/><\/figure><div class=\"elementor-image-box-content\"><h2 class=\"elementor-image-box-title\">SEGURIDAD<\/h2><p class=\"elementor-image-box-description\">contamos con unidades que son de modelo reciente mismas que llevan un constante mantenimiento en taller propio, donde se les aplican las reparaciones preventivas y correctivas necesarias.<\/p><\/div><\/div>\t\t<\/div>\n\t\t\t\t<\/div>\n\t\t\t\t\t<\/div>\n\t\t<\/div>\n\t\t\t\t<div class=\"elementor-column elementor-col-33 elementor-top-column elementor-element elementor-element-37922ba\" data-id=\"37922ba\" data-element_type=\"column\" data-settings=\"{&quot;background_background&quot;:&quot;classic&quot;}\">\n\t\t\t<div class=\"elementor-widget-wrap elementor-element-populated\">\n\t\t\t\t\t<div class=\"elementor-background-overlay\"><\/div>\n\t\t\t\t\t\t\t\t<div class=\"elementor-element elementor-element-0347722 elementor-position-left elementor-vertical-align-middle elementor-widget elementor-widget-image-box\" data-id=\"0347722\" data-element_type=\"widget\" data-widget_type=\"image-box.default\">\n\t\t\t\t<div class=\"elementor-widget-container\">\n\t\t\t<div class=\"elementor-image-box-wrapper\"><figure class=\"elementor-image-box-img\"><img loading=\"lazy\" decoding=\"async\" width=\"220\" height=\"220\" src=\"https:\/\/enmark.mx\/wp-content\/uploads\/2020\/08\/3333.png\" class=\"attachment-full size-full wp-image-1540\" alt=\"\" srcset=\"https:\/\/enmark.mx\/wp-content\/uploads\/2020\/08\/3333.png 220w, https:\/\/enmark.mx\/wp-content\/uploads\/2020\/08\/3333-150x150.png 150w\" sizes=\"auto, (max-width: 220px) 100vw, 220px\" \/><\/figure><div class=\"elementor-image-box-content\"><h2 class=\"elementor-image-box-title\">HIGIENE<\/h2><p class=\"elementor-image-box-description\">debido a que los tanques donde se transporta el l\u00edquido son pintados y desinfectados de acuerdo a las normas de salud.<\/p><\/div><\/div>\t\t<\/div>\n\t\t\t\t<\/div>\n\t\t\t\t\t<\/div>\n\t\t<\/div>\n\t\t\t\t\t\t\t<\/div>\n\t\t<\/section>\n\t\t\t\t\t\t\t<\/div>\n\t\t","protected":false},"excerpt":{"rendered":"<p>Pol\u00edticas de calidad El abastecimiento de agua para consumo humano con calidad adecuada es fundamental para prevenir y evitar la transmisi\u00f3n de enfermedades, por ello\u00a0Transportes ENMARK\u00a0se rige bajo las siguientes pol\u00edticas: El recurso humano es calificado y cuenta con las aptitudes y actitudes necesarias para desarrollar su trabajo con respeto, responsabilidad y compromiso. El agua &hellip;<\/p>\n<p class=\"read-more\"> <a class=\"\" href=\"https:\/\/enmark.mx\/index.php\/politicas-de-calidad\/\"> <span class=\"screen-reader-text\">Politicas de calidad<\/span> Read More &raquo;<\/a><\/p>\n","protected":false},"author":1,"featured_media":0,"parent":0,"menu_order":0,"comment_status":"closed","ping_status":"closed","template":"","meta":{"om_disable_all_campaigns":false,"_mi_skip_tracking":false,"_exactmetrics_sitenote_active":false,"_exactmetrics_sitenote_note":"","_exactmetrics_sitenote_category":0,"_monsterinsights_skip_tracking":false,"_monsterinsights_sitenote_active":false,"_monsterinsights_sitenote_note":"","_monsterinsights_sitenote_category":0,"site-sidebar-layout":"no-sidebar","site-content-layout":"page-builder","ast-global-header-display":"","ast-main-header-display":"","ast-hfb-above-header-display":"","ast-hfb-below-header-display":"","ast-hfb-mobile-header-display":"","site-post-title":"disabled","ast-breadcrumbs-content":"","ast-featured-img":"disabled","footer-sml-layout":"","theme-transparent-header-meta":"default","adv-header-id-meta":"","stick-header-meta":"","header-above-stick-meta":"","header-main-stick-meta":"","header-below-stick-meta":"","footnotes":""},"class_list":["post-141","page","type-page","status-publish","hentry"],"aioseo_notices":[],"_links":{"self":[{"href":"https:\/\/enmark.mx\/index.php\/wp-json\/wp\/v2\/pages\/141","targetHints":{"allow":["GET"]}}],"collection":[{"href":"https:\/\/enmark.mx\/index.php\/wp-json\/wp\/v2\/pages"}],"about":[{"href":"https:\/\/enmark.mx\/index.php\/wp-json\/wp\/v2\/types\/page"}],"author":[{"embeddable":true,"href":"https:\/\/enmark.mx\/index.php\/wp-json\/wp\/v2\/users\/1"}],"replies":[{"embeddable":true,"href":"https:\/\/enmark.mx\/index.php\/wp-json\/wp\/v2\/comments?post=141"}],"version-history":[{"count":0,"href":"https:\/\/enmark.mx\/index.php\/wp-json\/wp\/v2\/pages\/141\/revisions"}],"wp:attachment":[{"href":"https:\/\/enmark.mx\/index.php\/wp-json\/wp\/v2\/media?parent=141"}],"curies":[{"name":"wp","href":"https:\/\/api.w.org\/{rel}","templated":true}]}}